{"id":1317,"date":"2020-01-14T07:06:15","date_gmt":"2020-01-14T07:06:15","guid":{"rendered":"https:\/\/old.harmoniapalota.hu\/?page_id=1317"},"modified":"2020-05-16T15:51:49","modified_gmt":"2020-05-16T15:51:49","slug":"ajanlatok","status":"publish","type":"page","link":"https:\/\/old.harmoniapalota.hu\/?page_id=1317","title":{"rendered":"Aj\u00e1nlatok"},"content":{"rendered":"<div id=\"pl-1317\"  class=\"panel-layout\" ><div id=\"pg-1317-0\"  class=\"panel-grid panel-has-style\" ><div class=\"siteorigin-panels-stretch iw-large panel-row-style panel-row-style-for-1317-0\" style=\"padding: 100px 0; \" data-stretch-type=\"full-stretched\" data-overlay=\"true\" data-overlay-color=\"#000000\" ><div id=\"pgc-1317-0-0\"  class=\"panel-grid-cell\" ><div id=\"panel-1317-0-0-0\" class=\"so-panel widget widget_sow-hero panel-first-child panel-last-child\" data-index=\"0\" ><div class=\"hero-section panel-widget-style panel-widget-style-for-1317-0-0-0\" style=\"text-align: left;\" id=\"hero-section\" data-title-color=\"#ffffff\" data-headings-color=\"#ffffff\" ><div class=\"so-widget-sow-hero so-widget-sow-hero-default-2c2183c9b469 so-widget-fittext-wrapper\" data-fit-text-compressor=\"0.85\"><div class=\"sow-slider-base \" style=\"display: none\"><ul class=\"sow-slider-images\" data-settings=\"{&quot;pagination&quot;:true,&quot;speed&quot;:800,&quot;timeout&quot;:8000,&quot;swipe&quot;:false,&quot;nav_always_show_mobile&quot;:&quot;&quot;,&quot;breakpoint&quot;:&quot;780px&quot;}\">\t\t<li class=\"sow-slider-image  sow-slider-image-cover\" style=\"background-color: #333333;background-image: url(https:\/\/old.harmoniapalota.hu\/wp-content\/uploads\/2020\/04\/ajanlat_nyitokep_005.jpg)\" >\n\t\t\t\t\t<div class=\"sow-slider-image-container\">\n\t\t\t<div class=\"sow-slider-image-wrapper\">\n\t\t\t\t<h1>Aj\u00e1nlatok<\/h1>\n\t\t\t<\/div>\n\t\t<\/div>\n\t\t\t\t<\/li>\n\t\t<\/ul>\t\t\t\t<ol class=\"sow-slider-pagination\">\n\t\t\t\t\t\t\t\t\t\t\t<li><a href=\"#\" data-goto=\"0\" aria-label=\"display slide 1\"><\/a><\/li>\n\t\t\t\t\t\t\t\t\t<\/ol>\n\n\t\t\t\t<div class=\"sow-slide-nav sow-slide-nav-next\">\n\t\t\t\t\t<a href=\"#\" data-goto=\"next\" aria-label=\"next slide\" data-action=\"next\">\n\t\t\t\t\t\t<em class=\"sow-sld-icon-thin-right\"><\/em>\n\t\t\t\t\t<\/a>\n\t\t\t\t<\/div>\n\n\t\t\t\t<div class=\"sow-slide-nav sow-slide-nav-prev\">\n\t\t\t\t\t<a href=\"#\" data-goto=\"previous\" aria-label=\"previous slide\" data-action=\"prev\">\n\t\t\t\t\t\t<em class=\"sow-sld-icon-thin-left\"><\/em>\n\t\t\t\t\t<\/a>\n\t\t\t\t<\/div>\n\t\t\t\t<\/div><\/div><\/div><\/div><\/div><\/div><\/div><div id=\"pg-1317-1\"  class=\"panel-grid panel-has-style\" ><div class=\"siteorigin-panels-stretch iw-med-dw panel-row-style panel-row-style-for-1317-1\" style=\"padding: 100px 0; \" data-stretch-type=\"full-stretched\" data-overlay=\"true\" data-overlay-color=\"#000000\" ><div id=\"pgc-1317-1-0\"  class=\"panel-grid-cell\" ><div id=\"panel-1317-1-0-0\" class=\"so-panel widget widget_sow-hero panel-first-child panel-last-child\" data-index=\"1\" ><div class=\"hero-section panel-widget-style panel-widget-style-for-1317-1-0-0\" style=\"text-align: left;\" id=\"hero-section\" data-title-color=\"#ffffff\" data-headings-color=\"#ffffff\" ><div class=\"so-widget-sow-hero so-widget-sow-hero-default-2c2183c9b469 so-widget-fittext-wrapper\" data-fit-text-compressor=\"0.85\"><div class=\"sow-slider-base \" style=\"display: none\"><ul class=\"sow-slider-images\" data-settings=\"{&quot;pagination&quot;:true,&quot;speed&quot;:800,&quot;timeout&quot;:8000,&quot;swipe&quot;:false,&quot;nav_always_show_mobile&quot;:&quot;&quot;,&quot;breakpoint&quot;:&quot;780px&quot;}\">\t\t<li class=\"sow-slider-image  sow-slider-image-cover\" style=\"background-color: #333333;background-image: url(https:\/\/old.harmoniapalota.hu\/wp-content\/uploads\/2020\/04\/ajanlat_nyitokep_005.jpg)\" >\n\t\t\t\t\t<div class=\"sow-slider-image-container\">\n\t\t\t<div class=\"sow-slider-image-wrapper\">\n\t\t\t\t<h1>Aj\u00e1nlatok<\/h1>\n\t\t\t<\/div>\n\t\t<\/div>\n\t\t\t\t<\/li>\n\t\t<\/ul>\t\t\t\t<ol class=\"sow-slider-pagination\">\n\t\t\t\t\t\t\t\t\t\t\t<li><a href=\"#\" data-goto=\"0\" aria-label=\"display slide 1\"><\/a><\/li>\n\t\t\t\t\t\t\t\t\t<\/ol>\n\n\t\t\t\t<div class=\"sow-slide-nav sow-slide-nav-next\">\n\t\t\t\t\t<a href=\"#\" data-goto=\"next\" aria-label=\"next slide\" data-action=\"next\">\n\t\t\t\t\t\t<em class=\"sow-sld-icon-thin-right\"><\/em>\n\t\t\t\t\t<\/a>\n\t\t\t\t<\/div>\n\n\t\t\t\t<div class=\"sow-slide-nav sow-slide-nav-prev\">\n\t\t\t\t\t<a href=\"#\" data-goto=\"previous\" aria-label=\"previous slide\" data-action=\"prev\">\n\t\t\t\t\t\t<em class=\"sow-sld-icon-thin-left\"><\/em>\n\t\t\t\t\t<\/a>\n\t\t\t\t<\/div>\n\t\t\t\t<\/div><\/div><\/div><\/div><\/div><\/div><\/div><div id=\"pg-1317-2\"  class=\"panel-grid panel-has-style\" ><div style=\"padding: 100px 0; \" data-overlay=\"true\" data-overlay-color=\"#000000\" class=\"panel-row-style panel-row-style-for-1317-2\" ><div id=\"pgc-1317-2-0\"  class=\"panel-grid-cell\" ><div id=\"panel-1317-2-0-0\" class=\"so-panel widget widget_sow-editor panel-first-child\" data-index=\"2\" ><div style=\"text-align: left;\" data-title-color=\"#443f3f\" data-headings-color=\"#443f3f\" class=\"panel-widget-style panel-widget-style-for-1317-2-0-0\" ><div class=\"so-widget-sow-editor so-widget-sow-editor-base\">\n<div class=\"siteorigin-widget-tinymce textwidget\">\n\t<span data-post-id='2792' class='insert-page insert-page-2792 '><div id=\"pl-2792\"  class=\"panel-layout\" ><div id=\"pg-2792-0\"  class=\"panel-grid panel-has-style\"  data-style=\"{&quot;id&quot;:&quot;list-slider-first&quot;,&quot;class&quot;:&quot;offer-slider list-slider righttext&quot;,&quot;cvw_duration&quot;:&quot;300&quot;,&quot;cvw_easing&quot;:&quot;linear&quot;,&quot;cvw_anchor&quot;:&quot;top-bottom&quot;,&quot;cvw_repeat&quot;:&quot;false&quot;,&quot;row_stretch&quot;:&quot;full-stretched&quot;,&quot;cell_alignment&quot;:&quot;flex-start&quot;,&quot;iw-visible-screen&quot;:&quot;iw-all&quot;,&quot;iw-visible-layout&quot;:&quot;iw-all&quot;,&quot;align&quot;:&quot;&quot;,&quot;background_image&quot;:false,&quot;overlay&quot;:&quot;&quot;,&quot;overlay_color&quot;:&quot;#000000&quot;}\"  data-ratio=\"1\"  data-ratio-direction=\"right\" ><div class=\"offer-slider list-slider righttext siteorigin-panels-stretch panel-row-style panel-row-style-for-2792-0\" style=\"padding: 100px 0; \" id=\"list-slider-first\" data-stretch-type=\"full-stretched\" data-overlay=\"true\" data-overlay-color=\"#000000\" ><div id=\"pgc-2792-0-0\"  class=\"panel-grid-cell\"  data-weight=\"0.5\" ><div id=\"panel-2792-0-0-0\" class=\"so-panel widget widget_sow-image panel-first-child panel-last-child\" data-index=\"0\" data-style=\"{&quot;padding&quot;:&quot;0px 0px 0px 150px&quot;,&quot;mobile_padding&quot;:&quot;0px 0px 0px 0px&quot;,&quot;background_image_attachment&quot;:false,&quot;background_display&quot;:&quot;tile&quot;,&quot;cvw_type&quot;:&quot;fade-right&quot;,&quot;cvw_duration&quot;:&quot;900&quot;,&quot;cvw_easing&quot;:&quot;ease-out-cubic&quot;,&quot;cvw_anchor&quot;:&quot;top-bottom&quot;,&quot;cvw_repeat&quot;:&quot;false&quot;,&quot;margin&quot;:&quot;0px 0px 0px 0px&quot;,&quot;iw-visible-screen&quot;:&quot;iw-all&quot;,&quot;iw-visible-layout&quot;:&quot;iw-all&quot;,&quot;content_alignment&quot;:&quot;left&quot;,&quot;title_color&quot;:&quot;#443f3f&quot;,&quot;headings_color&quot;:&quot;#443f3f&quot;}\" ><div class=\"aos-init panel-widget-style panel-widget-style-for-2792-0-0-0\" style=\"text-align: left;\" data-aos=\"fade-right\" data-aos-duration=\"900\" data-aos-easing=\"ease-out-cubic\" data-aos-delay=\"\" data-aos-anchor-placement=\"top-bottom\" data-aos-once=\"false\" data-title-color=\"#443f3f\" data-headings-color=\"#443f3f\" ><div class=\"so-widget-sow-image so-widget-sow-image-default-0a36e82c757b\">\n\n<div class=\"sow-image-container\">\n\t<img loading=\"lazy\" decoding=\"async\" src=\"https:\/\/old.harmoniapalota.hu\/wp-content\/uploads\/2020\/02\/001.jpg\" width=\"1200\" height=\"700\" srcset=\"https:\/\/old.harmoniapalota.hu\/wp-content\/uploads\/2020\/02\/001.jpg 1200w, https:\/\/old.harmoniapalota.hu\/wp-content\/uploads\/2020\/02\/001-300x175.jpg 300w, https:\/\/old.harmoniapalota.hu\/wp-content\/uploads\/2020\/02\/001-1024x597.jpg 1024w, https:\/\/old.harmoniapalota.hu\/wp-content\/uploads\/2020\/02\/001-768x448.jpg 768w, https:\/\/old.harmoniapalota.hu\/wp-content\/uploads\/2020\/02\/001-830x484.jpg 830w, https:\/\/old.harmoniapalota.hu\/wp-content\/uploads\/2020\/02\/001-230x134.jpg 230w, https:\/\/old.harmoniapalota.hu\/wp-content\/uploads\/2020\/02\/001-350x204.jpg 350w, https:\/\/old.harmoniapalota.hu\/wp-content\/uploads\/2020\/02\/001-480x280.jpg 480w\" sizes=\"auto, (max-width: 1200px) 100vw, 1200px\" alt=\"Konferenciaterem b\u00e9rl\u00e9s Budapest belv\u00e1ros\u00e1ban a Harm\u00f3nia Palot\u00e1ban\" \t\tclass=\"so-widget-image\"\/>\n<\/div>\n\n<\/div><\/div><\/div><\/div><div id=\"pgc-2792-0-1\"  class=\"panel-grid-cell\"  data-weight=\"0.5\" ><div id=\"panel-2792-0-1-0\" class=\"so-panel widget widget_sow-editor panel-first-child\" data-index=\"1\" data-style=\"{&quot;padding&quot;:&quot;0px 150px 0px 90px&quot;,&quot;mobile_padding&quot;:&quot;30px 40px 0px 40px&quot;,&quot;background_image_attachment&quot;:false,&quot;background_display&quot;:&quot;tile&quot;,&quot;cvw_type&quot;:&quot;fade&quot;,&quot;cvw_duration&quot;:&quot;900&quot;,&quot;cvw_delay&quot;:&quot;300&quot;,&quot;cvw_easing&quot;:&quot;ease-out-cubic&quot;,&quot;cvw_anchor&quot;:&quot;top-bottom&quot;,&quot;cvw_repeat&quot;:&quot;false&quot;,&quot;iw-visible-screen&quot;:&quot;iw-all&quot;,&quot;iw-visible-layout&quot;:&quot;iw-all&quot;,&quot;content_alignment&quot;:&quot;left&quot;,&quot;title_color&quot;:&quot;#443f3f&quot;,&quot;headings_color&quot;:&quot;#443f3f&quot;}\" ><div class=\"aos-init panel-widget-style panel-widget-style-for-2792-0-1-0\" style=\"text-align: left;\" data-aos=\"fade\" data-aos-duration=\"900\" data-aos-easing=\"ease-out-cubic\" data-aos-delay=\"300\" data-aos-anchor-placement=\"top-bottom\" data-aos-once=\"false\" data-title-color=\"#443f3f\" data-headings-color=\"#443f3f\" ><div class=\"so-widget-sow-editor so-widget-sow-editor-base\">\n<div class=\"siteorigin-widget-tinymce textwidget\">\n\t<h4>BUSINESS AJ\u00c1NLAT<\/h4>\n<p class=\"p1\"><span class=\"s1\">Tartsa szakmai programj\u00e1t a Harm\u00f3nia Palot\u00e1ban, \u00e9s budapesti tart\u00f3zkod\u00e1s\u00e1hoz v\u00e1lassza valamennyi csodasz\u00e9p luxus apartmanunkat!\u00a0<\/span><span class=\"s1\">A B\u00f3kay D\u00edszterem kedvez\u0151 belv\u00e1rosi fekv\u00e9se miatt ide\u00e1lis helysz\u00edne lehet hazai vagy nemzetk\u00f6zi konferenci\u00e1knak, budapesti tov\u00e1bbk\u00e9pz\u00e9seknek, nyilv\u00e1nos vagy z\u00e1rtk\u00f6r\u0171 el\u0151ad\u00e1soknak maximum 140 f\u0151ig.<\/span><\/p>\n<p class=\"p1\"><span class=\"s1\">A k\u00fcl\u00f6nleges atmoszf\u00e9r\u00e1j\u00fa d\u00edszterem term\u00e9szetes megvil\u00e1g\u00edt\u00e1s\u00e1t a Nemzeti M\u00fazeumra ny\u00edl\u00f3 hatalmas ablakaib\u00f3l kapja. A hozz\u00e1 tartoz\u00f3 90 n\u00e9gyzetm\u00e9teres el\u0151t\u00e9r t\u00f6k\u00e9letesen alkalmas a rendezv\u00e9nyhez kapcsol\u00f3d\u00f3 fogad\u00e1sok, ki\u00e1ll\u00edt\u00e1sok megtart\u00e1s\u00e1hoz.<\/span><\/p>\n<p class=\"p1\"><span class=\"s1\">K\u00e9rje kedvez\u0151 aj\u00e1nlatunkat! V\u00e1rjuk jelentkez\u00e9s\u00e9t!<\/span><\/p>\n<\/div>\n<\/div><\/div><\/div><div id=\"panel-2792-0-1-1\" class=\"so-panel widget widget_sow-button panel-last-child\" data-index=\"2\" data-style=\"{&quot;padding&quot;:&quot;10px 0px 0px 90px&quot;,&quot;mobile_padding&quot;:&quot;10px 0px 50px 0px&quot;,&quot;background_image_attachment&quot;:false,&quot;background_display&quot;:&quot;tile&quot;,&quot;cvw_type&quot;:&quot;fade&quot;,&quot;cvw_duration&quot;:&quot;900&quot;,&quot;cvw_delay&quot;:&quot;300&quot;,&quot;cvw_easing&quot;:&quot;ease-out-cubic&quot;,&quot;cvw_anchor&quot;:&quot;top-bottom&quot;,&quot;cvw_repeat&quot;:&quot;false&quot;,&quot;iw-visible-screen&quot;:&quot;iw-all&quot;,&quot;iw-visible-layout&quot;:&quot;iw-all&quot;,&quot;content_alignment&quot;:&quot;left&quot;,&quot;title_color&quot;:&quot;#443f3f&quot;,&quot;headings_color&quot;:&quot;#443f3f&quot;}\" ><div class=\"aos-init panel-widget-style panel-widget-style-for-2792-0-1-1\" style=\"text-align: left;\" data-aos=\"fade\" data-aos-duration=\"900\" data-aos-easing=\"ease-out-cubic\" data-aos-delay=\"300\" data-aos-anchor-placement=\"top-bottom\" data-aos-once=\"false\" data-title-color=\"#443f3f\" data-headings-color=\"#443f3f\" ><div class=\"so-widget-sow-button so-widget-sow-button-flat-064ad7273668\"><div class=\"ow-button-base ow-button-align-left\">\n\t<a href=\"https:\/\/old.harmoniapalota.hu\/index.php\/kapcsolat\/\" class=\"harmony-button ow-icon-placement-left ow-button-hover\" target=\"_blank\" rel=\"noopener noreferrer\" id=\"harmony-button\" \t\t>\n\t\t<span>\n\t\t\t\n\t\t\tAJ\u00c1NLATK\u00c9R\u00c9S\t\t<\/span>\n\t<\/a>\n<\/div>\n<\/div><\/div><\/div><\/div><\/div><\/div><\/div><\/span>\n<\/div>\n<\/div><\/div><\/div><div id=\"panel-1317-2-0-1\" class=\"so-panel widget widget_sow-editor panel-last-child\" data-index=\"3\" ><div style=\"text-align: left;\" data-title-color=\"#443f3f\" data-headings-color=\"#443f3f\" class=\"panel-widget-style panel-widget-style-for-1317-2-0-1\" ><div class=\"so-widget-sow-editor so-widget-sow-editor-base\">\n<div class=\"siteorigin-widget-tinymce textwidget\">\n\t<span data-post-id='2797' class='insert-page insert-page-2797 '><div id=\"pl-2797\"  class=\"panel-layout\" ><div id=\"pg-2797-0\"  class=\"panel-grid panel-has-style\"  data-style=\"{&quot;class&quot;:&quot;offer-slider list-slider lefttext &quot;,&quot;cvw_duration&quot;:&quot;300&quot;,&quot;cvw_easing&quot;:&quot;linear&quot;,&quot;cvw_anchor&quot;:&quot;top-bottom&quot;,&quot;cvw_repeat&quot;:&quot;false&quot;,&quot;row_stretch&quot;:&quot;full-stretched&quot;,&quot;cell_alignment&quot;:&quot;flex-start&quot;,&quot;iw-visible-screen&quot;:&quot;iw-all&quot;,&quot;iw-visible-layout&quot;:&quot;iw-all&quot;,&quot;align&quot;:&quot;&quot;,&quot;background_image&quot;:false,&quot;overlay&quot;:&quot;&quot;,&quot;overlay_color&quot;:&quot;#000000&quot;}\"  data-ratio=\"1\"  data-ratio-direction=\"right\" ><div class=\"offer-slider list-slider lefttext  siteorigin-panels-stretch panel-row-style panel-row-style-for-2797-0\" style=\"padding: 100px 0; \" data-stretch-type=\"full-stretched\" data-overlay=\"true\" data-overlay-color=\"#000000\" ><div id=\"pgc-2797-0-0\"  class=\"panel-grid-cell\"  data-weight=\"0.5\" ><div id=\"panel-2797-0-0-0\" class=\"so-panel widget widget_sow-editor panel-first-child\" data-index=\"0\" data-style=\"{&quot;class&quot;:&quot;left-text&quot;,&quot;padding&quot;:&quot;0px 90px 0px 200px&quot;,&quot;mobile_padding&quot;:&quot;30px 40px 0px 40px&quot;,&quot;background_image_attachment&quot;:false,&quot;background_display&quot;:&quot;tile&quot;,&quot;cvw_type&quot;:&quot;fade&quot;,&quot;cvw_duration&quot;:&quot;900&quot;,&quot;cvw_delay&quot;:&quot;300&quot;,&quot;cvw_easing&quot;:&quot;ease-out-cubic&quot;,&quot;cvw_anchor&quot;:&quot;top-bottom&quot;,&quot;cvw_repeat&quot;:&quot;false&quot;,&quot;iw-visible-screen&quot;:&quot;iw-all&quot;,&quot;iw-visible-layout&quot;:&quot;iw-all&quot;,&quot;content_alignment&quot;:&quot;left&quot;,&quot;title_color&quot;:&quot;#443f3f&quot;,&quot;headings_color&quot;:&quot;#443f3f&quot;}\" ><div class=\"aos-init left-text panel-widget-style panel-widget-style-for-2797-0-0-0\" style=\"text-align: left;\" data-aos=\"fade\" data-aos-duration=\"900\" data-aos-easing=\"ease-out-cubic\" data-aos-delay=\"300\" data-aos-anchor-placement=\"top-bottom\" data-aos-once=\"false\" data-title-color=\"#443f3f\" data-headings-color=\"#443f3f\" ><div class=\"so-widget-sow-editor so-widget-sow-editor-base\">\n<div class=\"siteorigin-widget-tinymce textwidget\">\n\t<h4 style=\"text-align: right;\">ESK\u00dcV\u0150I AJ\u00c1NLAT<\/h4>\n<div class=\"boxed\">\n<div id=\"lipsum\">\n<p class=\"p1\" style=\"text-align: right;\"><span class=\"s1\">Impoz\u00e1ns \u00e9p\u00fclet, hangulatos bels\u0151 udvar, eleg\u00e1ns luxus apartmanok \u2014 \u00fcnnepelje \u00e9lete nagy napj\u00e1t a Harm\u00f3nia Palot\u00e1ban! V\u00e1lassza B\u00f3kay D\u00edszterm\u00fcnket vagy romantikus hangulat\u00fa bels\u0151 udvarunkat cerem\u00f3ni\u00e1ja helysz\u00edn\u00e9\u00fcl, \u00e9s b\u00edzza az el\u0151k\u00e9sz\u00edt\u00e9st szakk\u00e9pzett koll\u00e9g\u00e1inkra! Rendezv\u00e9nyhelysz\u00edneinket csodasz\u00e9p apartmanjainkkal egy\u00fctt adjuk b\u00e9rbe, \u00edgy t\u00e1volr\u00f3l \u00e9rkez\u0151 vend\u00e9gei elsz\u00e1ll\u00e1sol\u00e1s\u00e1val sem lesz gondja, ha minket v\u00e1laszt. <\/span><\/p>\n<p style=\"text-align: right;\">Szeretettel v\u00e1rjuk aj\u00e1nlatk\u00e9r\u00e9s\u00e9t!<\/p>\n<\/div>\n<\/div>\n<\/div>\n<\/div><\/div><\/div><div id=\"panel-2797-0-0-1\" class=\"so-panel widget widget_sow-button panel-last-child\" data-index=\"1\" data-style=\"{&quot;padding&quot;:&quot;10px 90px 0px 0px&quot;,&quot;mobile_padding&quot;:&quot;10px 0px 50px 0px&quot;,&quot;background_image_attachment&quot;:false,&quot;background_display&quot;:&quot;tile&quot;,&quot;cvw_type&quot;:&quot;fade&quot;,&quot;cvw_duration&quot;:&quot;900&quot;,&quot;cvw_delay&quot;:&quot;300&quot;,&quot;cvw_easing&quot;:&quot;ease-out-cubic&quot;,&quot;cvw_anchor&quot;:&quot;top-bottom&quot;,&quot;cvw_repeat&quot;:&quot;false&quot;,&quot;iw-visible-screen&quot;:&quot;iw-all&quot;,&quot;iw-visible-layout&quot;:&quot;iw-all&quot;,&quot;content_alignment&quot;:&quot;left&quot;,&quot;title_color&quot;:&quot;#443f3f&quot;,&quot;headings_color&quot;:&quot;#443f3f&quot;}\" ><div class=\"aos-init panel-widget-style panel-widget-style-for-2797-0-0-1\" style=\"text-align: left;\" data-aos=\"fade\" data-aos-duration=\"900\" data-aos-easing=\"ease-out-cubic\" data-aos-delay=\"300\" data-aos-anchor-placement=\"top-bottom\" data-aos-once=\"false\" data-title-color=\"#443f3f\" data-headings-color=\"#443f3f\" ><div class=\"so-widget-sow-button so-widget-sow-button-flat-064ad7273668\"><div class=\"ow-button-base ow-button-align-right\">\n\t<a href=\"https:\/\/old.harmoniapalota.hu\/index.php\/kapcsolat\/\" class=\"harmony-button ow-icon-placement-left ow-button-hover\" target=\"_blank\" rel=\"noopener noreferrer\" id=\"harmony-button\" \t\t>\n\t\t<span>\n\t\t\t\n\t\t\tAJ\u00c1NLATK\u00c9R\u00c9S\t\t<\/span>\n\t<\/a>\n<\/div>\n<\/div><\/div><\/div><\/div><div id=\"pgc-2797-0-1\"  class=\"panel-grid-cell\"  data-weight=\"0.5\" ><div id=\"panel-2797-0-1-0\" class=\"so-panel widget widget_sow-image panel-first-child panel-last-child\" data-index=\"2\" data-style=\"{&quot;class&quot;:&quot;terem-kep&quot;,&quot;mobile_padding&quot;:&quot;0px 0px 0px 0px&quot;,&quot;background_image_attachment&quot;:false,&quot;background_display&quot;:&quot;tile&quot;,&quot;cvw_type&quot;:&quot;fade-left&quot;,&quot;cvw_duration&quot;:&quot;900&quot;,&quot;cvw_easing&quot;:&quot;ease-out-cubic&quot;,&quot;cvw_anchor&quot;:&quot;top-bottom&quot;,&quot;cvw_repeat&quot;:&quot;false&quot;,&quot;iw-visible-screen&quot;:&quot;iw-all&quot;,&quot;iw-visible-layout&quot;:&quot;iw-all&quot;,&quot;content_alignment&quot;:&quot;left&quot;,&quot;title_color&quot;:&quot;#443f3f&quot;,&quot;headings_color&quot;:&quot;#443f3f&quot;}\" ><div class=\"aos-init terem-kep panel-widget-style panel-widget-style-for-2797-0-1-0\" style=\"text-align: left;\" data-aos=\"fade-left\" data-aos-duration=\"900\" data-aos-easing=\"ease-out-cubic\" data-aos-delay=\"\" data-aos-anchor-placement=\"top-bottom\" data-aos-once=\"false\" data-title-color=\"#443f3f\" data-headings-color=\"#443f3f\" ><div class=\"so-widget-sow-image so-widget-sow-image-default-afa9880912f4\">\n\n<div class=\"sow-image-container\">\n\t<img loading=\"lazy\" decoding=\"async\" src=\"https:\/\/old.harmoniapalota.hu\/wp-content\/uploads\/2020\/03\/Harmonia_Palota_Eskuvo1.jpg\" width=\"1200\" height=\"700\" srcset=\"https:\/\/old.harmoniapalota.hu\/wp-content\/uploads\/2020\/03\/Harmonia_Palota_Eskuvo1.jpg 1200w, https:\/\/old.harmoniapalota.hu\/wp-content\/uploads\/2020\/03\/Harmonia_Palota_Eskuvo1-300x175.jpg 300w, https:\/\/old.harmoniapalota.hu\/wp-content\/uploads\/2020\/03\/Harmonia_Palota_Eskuvo1-1024x597.jpg 1024w, https:\/\/old.harmoniapalota.hu\/wp-content\/uploads\/2020\/03\/Harmonia_Palota_Eskuvo1-768x448.jpg 768w, https:\/\/old.harmoniapalota.hu\/wp-content\/uploads\/2020\/03\/Harmonia_Palota_Eskuvo1-830x484.jpg 830w, https:\/\/old.harmoniapalota.hu\/wp-content\/uploads\/2020\/03\/Harmonia_Palota_Eskuvo1-230x134.jpg 230w, https:\/\/old.harmoniapalota.hu\/wp-content\/uploads\/2020\/03\/Harmonia_Palota_Eskuvo1-350x204.jpg 350w, https:\/\/old.harmoniapalota.hu\/wp-content\/uploads\/2020\/03\/Harmonia_Palota_Eskuvo1-480x280.jpg 480w\" sizes=\"auto, (max-width: 1200px) 100vw, 1200px\" alt=\"Esk\u00fcv\u0151 Budapest belv\u00e1ros\u00e1ban a Harm\u00f3nia Palot\u00e1ban\" \t\tclass=\"so-widget-image\"\/>\n<\/div>\n\n<\/div><\/div><\/div><\/div><\/div><\/div><\/div><\/span>\n<\/div>\n<\/div><\/div><\/div><\/div><\/div><\/div><\/div>","protected":false},"excerpt":{"rendered":"<p>ESK\u00dcV\u0150I AJ\u00c1NLAT Impoz\u00e1ns \u00e9p\u00fclet, hangulatos bels\u0151 udvar, eleg\u00e1ns luxus apartmanok \u2014 \u00fcnnepelje \u00e9lete nagy napj\u00e1t a Harm\u00f3nia Palot\u00e1ban! V\u00e1lassza B\u00f3kay D\u00edszterm\u00fcnket vagy romantikus hangulat\u00fa bels\u0151 udvarunkat cerem\u00f3ni\u00e1ja helysz\u00edn\u00e9\u00fcl, \u00e9s b\u00edzza az el\u0151k\u00e9sz\u00edt\u00e9st szakk\u00e9pzett koll\u00e9g\u00e1inkra! Rendezv\u00e9nyhelysz\u00edneinket csodasz\u00e9p apartmanjainkkal egy\u00fctt adjuk b\u00e9rbe, \u00edgy t\u00e1volr\u00f3l \u00e9rkez\u0151 vend\u00e9gei elsz\u00e1ll\u00e1sol\u00e1s\u00e1val [&hellip;]<\/p>\n","protected":false},"author":3,"featured_media":0,"parent":0,"menu_order":0,"comment_status":"closed","ping_status":"closed","template":"page-templates\/page_fullwidth.php","meta":{"footnotes":""},"class_list":["post-1317","page","type-page","status-publish","hentry"],"yoast_head":"<!-- This site is optimized with the Yoast SEO plugin v14.2 - https:\/\/yoast.com\/wordpress\/plugins\/seo\/ -->\n<title>\u00dczleti \u00e9s Esk\u00fcv\u0151i Aj\u00e1nlatok | Harm\u00f3nia Palota Budapest<\/title>\n<meta name=\"description\" content=\"Tartsa szakmai programj\u00e1t vagy esk\u00fcv\u0151j\u00e9t a Harm\u00f3nia Palot\u00e1ban, \u00e9s budapesti tart\u00f3zkod\u00e1s\u00e1hoz v\u00e1lassza valamennyi csodasz\u00e9p luxus apartmanunkat!\" \/>\n<meta name=\"robots\" content=\"index, follow\" \/>\n<meta name=\"googlebot\" content=\"index, follow, max-snippet:-1, max-image-preview:large, max-video-preview:-1\" \/>\n<meta name=\"bingbot\" content=\"index, follow, max-snippet:-1, max-image-preview:large, max-video-preview:-1\" \/>\n<link rel=\"canonical\" href=\"https:\/\/old.harmoniapalota.hu\/ajanlatok\" \/>\n<meta property=\"og:locale\" content=\"hu_HU\" \/>\n<meta property=\"og:type\" content=\"article\" \/>\n<meta property=\"og:title\" content=\"\u00dczleti \u00e9s Esk\u00fcv\u0151i Aj\u00e1nlatok | Harm\u00f3nia Palota Budapest\" \/>\n<meta property=\"og:description\" content=\"Tartsa szakmai programj\u00e1t vagy esk\u00fcv\u0151j\u00e9t a Harm\u00f3nia Palot\u00e1ban, \u00e9s budapesti tart\u00f3zkod\u00e1s\u00e1hoz v\u00e1lassza valamennyi csodasz\u00e9p luxus apartmanunkat!\" \/>\n<meta property=\"og:url\" content=\"https:\/\/old.harmoniapalota.hu\/ajanlatok\/\" \/>\n<meta property=\"og:site_name\" content=\"Harm\u00f3nia Palota\" \/>\n<meta property=\"article:modified_time\" content=\"2020-05-16T15:51:49+00:00\" \/>\n<meta name=\"twitter:card\" content=\"summary_large_image\" \/>\n<script type=\"application\/ld+json\" class=\"yoast-schema-graph\">{\"@context\":\"https:\/\/schema.org\",\"@graph\":[{\"@type\":\"WebSite\",\"@id\":\"https:\/\/old.harmoniapalota.hu\/#website\",\"url\":\"https:\/\/old.harmoniapalota.hu\/\",\"name\":\"Harm\\u00f3nia Palota\",\"description\":\"\",\"potentialAction\":[{\"@type\":\"SearchAction\",\"target\":\"https:\/\/old.harmoniapalota.hu\/?s={search_term_string}\",\"query-input\":\"required name=search_term_string\"}],\"inLanguage\":\"hu\"},{\"@type\":\"WebPage\",\"@id\":\"https:\/\/old.harmoniapalota.hu\/ajanlatok\/#webpage\",\"url\":\"https:\/\/old.harmoniapalota.hu\/ajanlatok\/\",\"name\":\"\\u00dczleti \\u00e9s Esk\\u00fcv\\u0151i Aj\\u00e1nlatok | Harm\\u00f3nia Palota Budapest\",\"isPartOf\":{\"@id\":\"https:\/\/old.harmoniapalota.hu\/#website\"},\"datePublished\":\"2020-01-14T07:06:15+00:00\",\"dateModified\":\"2020-05-16T15:51:49+00:00\",\"description\":\"Tartsa szakmai programj\\u00e1t vagy esk\\u00fcv\\u0151j\\u00e9t a Harm\\u00f3nia Palot\\u00e1ban, \\u00e9s budapesti tart\\u00f3zkod\\u00e1s\\u00e1hoz v\\u00e1lassza valamennyi csodasz\\u00e9p luxus apartmanunkat!\",\"inLanguage\":\"hu\",\"potentialAction\":[{\"@type\":\"ReadAction\",\"target\":[\"https:\/\/old.harmoniapalota.hu\/ajanlatok\/\"]}]}]}<\/script>\n<!-- \/ Yoast SEO plugin. -->","_links":{"self":[{"href":"https:\/\/old.harmoniapalota.hu\/index.php?rest_route=\/wp\/v2\/pages\/1317","targetHints":{"allow":["GET"]}}],"collection":[{"href":"https:\/\/old.harmoniapalota.hu\/index.php?rest_route=\/wp\/v2\/pages"}],"about":[{"href":"https:\/\/old.harmoniapalota.hu\/index.php?rest_route=\/wp\/v2\/types\/page"}],"author":[{"embeddable":true,"href":"https:\/\/old.harmoniapalota.hu\/index.php?rest_route=\/wp\/v2\/users\/3"}],"replies":[{"embeddable":true,"href":"https:\/\/old.harmoniapalota.hu\/index.php?rest_route=%2Fwp%2Fv2%2Fcomments&post=1317"}],"version-history":[{"count":49,"href":"https:\/\/old.harmoniapalota.hu\/index.php?rest_route=\/wp\/v2\/pages\/1317\/revisions"}],"predecessor-version":[{"id":4775,"href":"https:\/\/old.harmoniapalota.hu\/index.php?rest_route=\/wp\/v2\/pages\/1317\/revisions\/4775"}],"wp:attachment":[{"href":"https:\/\/old.harmoniapalota.hu\/index.php?rest_route=%2Fwp%2Fv2%2Fmedia&parent=1317"}],"curies":[{"name":"wp","href":"https:\/\/api.w.org\/{rel}","templated":true}]}}