{"id":32,"date":"2019-10-06T09:44:25","date_gmt":"2019-10-06T09:44:25","guid":{"rendered":"https:\/\/old.harmoniapalota.hu\/?page_id=32"},"modified":"2024-02-12T10:13:13","modified_gmt":"2024-02-12T10:13:13","slug":"rolunk","status":"publish","type":"page","link":"https:\/\/old.harmoniapalota.hu\/?page_id=32","title":{"rendered":"R\u00f3lunk"},"content":{"rendered":"<div id=\"pl-32\"  class=\"panel-layout\" ><div id=\"pg-32-0\"  class=\"panel-grid panel-has-style\" ><div class=\"siteorigin-panels-stretch iw-large panel-row-style panel-row-style-for-32-0\" style=\"padding: 100px 0; \" data-stretch-type=\"full-stretched\" data-overlay=\"true\" data-overlay-color=\"#000000\" ><div id=\"pgc-32-0-0\"  class=\"panel-grid-cell\" ><div id=\"panel-32-0-0-0\" class=\"so-panel widget widget_sow-hero panel-first-child panel-last-child\" data-index=\"0\" ><div class=\"hero-section panel-widget-style panel-widget-style-for-32-0-0-0\" style=\"text-align: left;\" id=\"hero-section\" data-title-color=\"#ffffff\" data-headings-color=\"#ffffff\" ><div class=\"so-widget-sow-hero so-widget-sow-hero-default-89fce2fb96e2 so-widget-fittext-wrapper\" data-fit-text-compressor=\"0.85\"><div class=\"sow-slider-base \" style=\"display: none\"><ul class=\"sow-slider-images\" data-settings=\"{&quot;pagination&quot;:true,&quot;speed&quot;:800,&quot;timeout&quot;:8000,&quot;swipe&quot;:true,&quot;nav_always_show_mobile&quot;:&quot;&quot;,&quot;breakpoint&quot;:&quot;780px&quot;}\">\t\t<li class=\"sow-slider-image  sow-slider-image-cover\" style=\"background-color: #333333;background-image: url(https:\/\/old.harmoniapalota.hu\/wp-content\/uploads\/2020\/04\/udvar_nyitokep-1.jpg)\" >\n\t\t\t\t\t<div class=\"sow-slider-image-container\">\n\t\t\t<div class=\"sow-slider-image-wrapper\">\n\t\t\t\t<h1>R\u00f3lunk<\/h1>\n<p>&nbsp;<\/p>\n<p>&nbsp;<\/p>\n<p style=\"text-align: right\">\n<\/p>\t\t\t<\/div>\n\t\t<\/div>\n\t\t\t\t<\/li>\n\t\t<\/ul>\t\t\t\t<ol class=\"sow-slider-pagination\">\n\t\t\t\t\t\t\t\t\t\t\t<li><a href=\"#\" data-goto=\"0\" aria-label=\"display slide 1\"><\/a><\/li>\n\t\t\t\t\t\t\t\t\t<\/ol>\n\n\t\t\t\t<div class=\"sow-slide-nav sow-slide-nav-next\">\n\t\t\t\t\t<a href=\"#\" data-goto=\"next\" aria-label=\"next slide\" data-action=\"next\">\n\t\t\t\t\t\t<em class=\"sow-sld-icon-thin-right\"><\/em>\n\t\t\t\t\t<\/a>\n\t\t\t\t<\/div>\n\n\t\t\t\t<div class=\"sow-slide-nav sow-slide-nav-prev\">\n\t\t\t\t\t<a href=\"#\" data-goto=\"previous\" aria-label=\"previous slide\" data-action=\"prev\">\n\t\t\t\t\t\t<em class=\"sow-sld-icon-thin-left\"><\/em>\n\t\t\t\t\t<\/a>\n\t\t\t\t<\/div>\n\t\t\t\t<\/div><\/div><\/div><\/div><\/div><\/div><\/div><div id=\"pg-32-1\"  class=\"panel-grid panel-has-style\" ><div class=\"siteorigin-panels-stretch iw-med-dw panel-row-style panel-row-style-for-32-1\" style=\"padding: 100px 0; \" data-stretch-type=\"full-stretched\" data-overlay=\"true\" data-overlay-color=\"#000000\" ><div id=\"pgc-32-1-0\"  class=\"panel-grid-cell\" ><div id=\"panel-32-1-0-0\" class=\"so-panel widget widget_sow-hero panel-first-child panel-last-child\" data-index=\"1\" ><div class=\"hero-section panel-widget-style panel-widget-style-for-32-1-0-0\" style=\"text-align: left;\" id=\"hero-section\" data-title-color=\"#ffffff\" data-headings-color=\"#ffffff\" ><div class=\"so-widget-sow-hero so-widget-sow-hero-default-89fce2fb96e2 so-widget-fittext-wrapper\" data-fit-text-compressor=\"0.85\"><div class=\"sow-slider-base \" style=\"display: none\"><ul class=\"sow-slider-images\" data-settings=\"{&quot;pagination&quot;:true,&quot;speed&quot;:800,&quot;timeout&quot;:8000,&quot;swipe&quot;:true,&quot;nav_always_show_mobile&quot;:&quot;&quot;,&quot;breakpoint&quot;:&quot;780px&quot;}\">\t\t<li class=\"sow-slider-image  sow-slider-image-cover\" style=\"background-color: #333333;background-image: url(https:\/\/old.harmoniapalota.hu\/wp-content\/uploads\/2020\/04\/terasz-scaled.jpg)\" >\n\t\t\t\t\t<div class=\"sow-slider-image-container\">\n\t\t\t<div class=\"sow-slider-image-wrapper\">\n\t\t\t\t<h1>R\u00f3lunk<\/h1>\n<p>&nbsp;<\/p>\n<p>&nbsp;<\/p>\n<p style=\"text-align: right\">\n<\/p>\t\t\t<\/div>\n\t\t<\/div>\n\t\t\t\t<\/li>\n\t\t<\/ul>\t\t\t\t<ol class=\"sow-slider-pagination\">\n\t\t\t\t\t\t\t\t\t\t\t<li><a href=\"#\" data-goto=\"0\" aria-label=\"display slide 1\"><\/a><\/li>\n\t\t\t\t\t\t\t\t\t<\/ol>\n\n\t\t\t\t<div class=\"sow-slide-nav sow-slide-nav-next\">\n\t\t\t\t\t<a href=\"#\" data-goto=\"next\" aria-label=\"next slide\" data-action=\"next\">\n\t\t\t\t\t\t<em class=\"sow-sld-icon-thin-right\"><\/em>\n\t\t\t\t\t<\/a>\n\t\t\t\t<\/div>\n\n\t\t\t\t<div class=\"sow-slide-nav sow-slide-nav-prev\">\n\t\t\t\t\t<a href=\"#\" data-goto=\"previous\" aria-label=\"previous slide\" data-action=\"prev\">\n\t\t\t\t\t\t<em class=\"sow-sld-icon-thin-left\"><\/em>\n\t\t\t\t\t<\/a>\n\t\t\t\t<\/div>\n\t\t\t\t<\/div><\/div><\/div><\/div><\/div><\/div><\/div><div id=\"pg-32-2\"  class=\"panel-grid panel-has-style\" ><div class=\"iw-med-dw panel-row-style panel-row-style-for-32-2\" style=\"padding: 100px 0; \" id=\"aboutus-kezdet-mobil\" data-overlay=\"true\" data-overlay-color=\"#000000\" ><div id=\"pgc-32-2-0\"  class=\"panel-grid-cell\" ><div id=\"panel-32-2-0-0\" class=\"so-panel widget widget_sow-editor panel-first-child panel-last-child\" data-index=\"2\" ><div class=\"aos-init iw-med-dw panel-widget-style panel-widget-style-for-32-2-0-0\" style=\"text-align: left;\" data-aos=\"fade\" data-aos-duration=\"900\" data-aos-easing=\"ease-out-cubic\" data-aos-delay=\"\" data-aos-anchor-placement=\"top-bottom\" data-aos-once=\"false\" data-title-color=\"#000000\" data-headings-color=\"#000000\" ><div class=\"so-widget-sow-editor so-widget-sow-editor-base\">\n<div class=\"siteorigin-widget-tinymce textwidget\">\n\t<h1 style=\"text-align: left;\">Kezdet<\/h1>\n<\/div>\n<\/div><\/div><\/div><\/div><\/div><\/div><div id=\"pg-32-3\"  class=\"panel-grid panel-has-style\" ><div class=\"aos-init siteorigin-panels-stretch panel-row-style panel-row-style-for-32-3\" style=\"padding: 100px 0; \" data-aos=\"fade-up\" data-aos-duration=\"600\" data-aos-easing=\"linear\" data-aos-delay=\"300\" data-aos-anchor-placement=\"top-bottom\" data-aos-once=\"true\" id=\"aboutus-kezdet\" data-stretch-type=\"full-stretched\" data-overlay=\"true\" data-overlay-color=\"#000000\" ><div id=\"pgc-32-3-0\"  class=\"panel-grid-cell\" ><div id=\"panel-32-3-0-0\" class=\"so-panel widget widget_sow-editor panel-first-child panel-last-child\" data-index=\"3\" ><div class=\"aos-init left-text panel-widget-style panel-widget-style-for-32-3-0-0\" style=\"text-align: left;\" data-aos=\"fade\" data-aos-duration=\"900\" data-aos-easing=\"ease-out-cubic\" data-aos-delay=\"300\" data-aos-anchor-placement=\"top-bottom\" data-aos-once=\"false\" data-title-color=\"#000000\" data-headings-color=\"#000000\" ><div class=\"so-widget-sow-editor so-widget-sow-editor-base\">\n<div class=\"siteorigin-widget-tinymce textwidget\">\n\t<h4 style=\"text-align: right;\">T\u00d6RT\u00c9NET\u00dcNK<\/h4>\n<p style=\"text-align: right;\"><span class=\"OYPEnA text-decoration-none text-strikethrough-none\">A M\u00fazeum utca 9. sz\u00e1m alatt tal\u00e1lhat\u00f3 \u00e9p\u00fcletet Ybl Mikl\u00f3s tervei alapj\u00e1n Pucher J\u00f3zsef \u00e9p\u00edtette 1870-ben B\u00f3kay J\u00e1nos orvosprofesszor sz\u00e1m\u00e1ra, aki a korszer\u0171 magyar gyermekorvosl\u00e1s megteremt\u0151je volt. A 19. sz\u00e1zadban \u00e9p\u00edtett, patin\u00e1s b\u00e9rpalota \u00e9vtizedekig a B\u00f3kay csal\u00e1d otthonak\u00e9nt szolg\u00e1lt a pesti Palotanegyed egyik neorenesz\u00e1nsz gy\u00f6ngyszemek\u00e9nt.<\/span><\/p>\n<p style=\"text-align: right;\"><span class=\"OYPEnA text-decoration-none text-strikethrough-none\">Az elm\u00falt 150 \u00e9vben t\u00f6bb h\u00edres lak\u00f3ja volt a h\u00e1znak, mint p\u00e9ld\u00e1ul Lotz K\u00e1roly, fest\u0151m\u0171v\u00e9sz \u00e9s Herczeg Ferenc, Nobel-d\u00edjra jel\u00f6lt \u00edr\u00f3.<\/span><\/p>\n<\/div>\n<\/div><\/div><\/div><\/div><div id=\"pgc-32-3-1\"  class=\"panel-grid-cell\" ><div id=\"panel-32-3-1-0\" class=\"so-panel widget widget_sow-editor panel-first-child\" data-index=\"4\" ><div class=\"aos-init iw-large panel-widget-style panel-widget-style-for-32-3-1-0\" style=\"text-align: left;\" data-aos=\"fade-left\" data-aos-duration=\"900\" data-aos-easing=\"ease-in-out\" data-aos-delay=\"\" data-aos-anchor-placement=\"top-bottom\" data-aos-once=\"false\" data-title-color=\"#000000\" data-headings-color=\"#000000\" ><div class=\"so-widget-sow-editor so-widget-sow-editor-base\">\n<div class=\"siteorigin-widget-tinymce textwidget\">\n\t<h1 style=\"text-align: center;\">Kezdet<\/h1>\n<\/div>\n<\/div><\/div><\/div><div id=\"panel-32-3-1-1\" class=\"so-panel widget widget_sow-editor panel-last-child\" data-index=\"5\" ><div class=\"aos-init panel-widget-style panel-widget-style-for-32-3-1-1\" style=\"text-align: left;\" data-aos=\"fade-left\" data-aos-duration=\"900\" data-aos-easing=\"ease-out-cubic\" data-aos-delay=\"\" data-aos-anchor-placement=\"top-bottom\" data-aos-once=\"false\" data-title-color=\"#000000\" data-headings-color=\"#000000\" ><div class=\"so-widget-sow-editor so-widget-sow-editor-base\">\n<div class=\"siteorigin-widget-tinymce textwidget\">\n\t<div aria-live=\"polite\" id=\"soliloquy-container-1863\" class=\"soliloquy-container soliloquy-transition-fade  soliloquy-theme-base\" style=\"max-width:1200px;max-height:673px;\"><ul id=\"soliloquy-1863\" class=\"soliloquy-slider soliloquy-slides soliloquy-wrap soliloquy-clear\"><li aria-hidden=\"true\" class=\"soliloquy-item soliloquy-item-1 soliloquy-image-slide\" draggable=\"false\" style=\"list-style:none\"><img decoding=\"async\" id=\"soliloquy-image-2209\" class=\"soliloquy-image soliloquy-image-1\" src=\"https:\/\/old.harmoniapalota.hu\/wp-content\/uploads\/2020\/02\/kezdet_001-1200x673_c.jpg\" alt=\"B\u00f3kay Palota \u00e9s Harm\u00f3nia Palota Budapest\" \/><\/li><li aria-hidden=\"true\" class=\"soliloquy-item soliloquy-item-2 soliloquy-image-slide\" draggable=\"false\" style=\"list-style:none\"><img decoding=\"async\" id=\"soliloquy-image-2211\" class=\"soliloquy-image soliloquy-image-2\" src=\"https:\/\/old.harmoniapalota.hu\/wp-content\/uploads\/2020\/02\/kezdet002-1200x673_c.jpg\" alt=\"B\u00f3kay Palota \u00e9s Harm\u00f3nia Palota Budapest\" \/><\/li><li aria-hidden=\"true\" class=\"soliloquy-item soliloquy-item-3 soliloquy-image-slide\" draggable=\"false\" style=\"list-style:none\"><img decoding=\"async\" id=\"soliloquy-image-2213\" class=\"soliloquy-image soliloquy-image-3\" src=\"https:\/\/old.harmoniapalota.hu\/wp-content\/uploads\/2020\/02\/kezdet002-1-1200x673_c.jpg\" alt=\"B\u00f3kay Palota \u00e9s Harm\u00f3nia Palota Budapest\" \/><\/li><\/ul><\/div><noscript><style type=\"text\/css\">#soliloquy-container-1863{opacity:1}<\/style><\/noscript>\n<\/div>\n<\/div><\/div><\/div><\/div><\/div><\/div><div id=\"pg-32-4\"  class=\"panel-grid panel-has-style\" ><div class=\"siteorigin-panels-stretch panel-row-style panel-row-style-for-32-4\" style=\"padding: 100px 0; \" id=\"aboutus-napjainkban\" data-stretch-type=\"full-stretched\" data-overlay=\"true\" data-overlay-color=\"#000000\" ><div id=\"pgc-32-4-0\"  class=\"panel-grid-cell\" ><div id=\"panel-32-4-0-0\" class=\"so-panel widget widget_sow-editor panel-first-child\" data-index=\"6\" ><div class=\"aos-init left-text panel-widget-style panel-widget-style-for-32-4-0-0\" style=\"text-align: left;\" data-aos=\"fade-right\" data-aos-duration=\"900\" data-aos-easing=\"ease-in-out\" data-aos-delay=\"\" data-aos-anchor-placement=\"top-bottom\" data-aos-once=\"false\" id=\"left-text\" data-title-color=\"#443f3f\" data-headings-color=\"#443f3f\" ><div class=\"so-widget-sow-editor so-widget-sow-editor-base\">\n<div class=\"siteorigin-widget-tinymce textwidget\">\n\t<h1 style=\"text-align: right;\">Napjainkban<\/h1>\n<\/div>\n<\/div><\/div><\/div><div id=\"panel-32-4-0-1\" class=\"so-panel widget widget_sow-editor panel-last-child\" data-index=\"7\" ><div class=\"aos-init left-text panel-widget-style panel-widget-style-for-32-4-0-1\" style=\"text-align: left;\" data-aos=\"fade\" data-aos-duration=\"900\" data-aos-easing=\"ease-out-cubic\" data-aos-delay=\"300\" data-aos-anchor-placement=\"top-bottom\" data-aos-once=\"false\" data-title-color=\"#443f3f\" data-headings-color=\"#443f3f\" ><div class=\"so-widget-sow-editor so-widget-sow-editor-base\">\n<div class=\"siteorigin-widget-tinymce textwidget\">\n\t<h4 style=\"text-align: right;\">LUXUS APARTMANOK \u00c9S RENDEZV\u00c9NYTERMEK<\/h4>\n<p style=\"text-align: right;\"><span class=\"OYPEnA text-decoration-none text-strikethrough-none\">A Harm\u00f3nia Palota visszafogott neorenesz\u00e1nsz jelleg\u00e9vel \u00e9s var\u00e1zslatos hangulat\u00e1val meghitt, csal\u00e1dias l\u00e9gk\u00f6rt biztos\u00edt \u00fczleti, oktat\u00e1si \u00e9s priv\u00e1t esem\u00e9nyeknek Budapest belv\u00e1ros\u00e1ban. A Nemzeti M\u00fazeum szomsz\u00e9ds\u00e1g\u00e1ban tal\u00e1lhat\u00f3 \u00e9p\u00fcletben t\u00edz luxus apartman, valamint t\u00edz j\u00f3l vari\u00e1lhat\u00f3 rendezv\u00e9nyterem \u00e1ll vend\u00e9geink rendelkez\u00e9s\u00e9re, legyen sz\u00f3 kisebb l\u00e9tsz\u00e1m\u00fa tr\u00e9ningr\u0151l, t\u00f6bb napos tanfolyamr\u00f3l esetleg \u00fczleti vagy c\u00e9ges rendezv\u00e9nyr\u0151l.<\/span><\/p>\n<p style=\"text-align: right;\">Esem\u00e9nynapt\u00e1runkban eg\u00e9sz \u00e9vben ismert hazai \u00e9s k\u00fclf\u00f6ldi el\u0151ad\u00f3k \u00e9s oktat\u00f3k tematikus tanfolyamait, el\u0151ad\u00e1sait \u00e9s k\u00e9pz\u00e9seit tal\u00e1lhatj\u00e1k meg az \u00e9rdekl\u0151d\u0151k.<\/p>\n<\/div>\n<\/div><\/div><\/div><\/div><div id=\"pgc-32-4-1\"  class=\"panel-grid-cell\" ><div id=\"panel-32-4-1-0\" class=\"so-panel widget widget_sow-image panel-first-child panel-last-child\" data-index=\"8\" ><div class=\"aos-init panel-widget-style panel-widget-style-for-32-4-1-0\" style=\"text-align: left;\" data-aos=\"fade-left\" data-aos-duration=\"900\" data-aos-easing=\"ease-out-cubic\" data-aos-delay=\"\" data-aos-anchor-placement=\"top-bottom\" data-aos-once=\"false\" data-title-color=\"#443f3f\" data-headings-color=\"#443f3f\" ><div class=\"so-widget-sow-image so-widget-sow-image-default-afa9880912f4\">\n\n<div class=\"sow-image-container\">\n\t<img loading=\"lazy\" decoding=\"async\" src=\"https:\/\/old.harmoniapalota.hu\/wp-content\/uploads\/2019\/10\/udvar02.jpg\" width=\"1200\" height=\"700\" srcset=\"https:\/\/old.harmoniapalota.hu\/wp-content\/uploads\/2019\/10\/udvar02.jpg 1200w, https:\/\/old.harmoniapalota.hu\/wp-content\/uploads\/2019\/10\/udvar02-300x175.jpg 300w, https:\/\/old.harmoniapalota.hu\/wp-content\/uploads\/2019\/10\/udvar02-1024x597.jpg 1024w, https:\/\/old.harmoniapalota.hu\/wp-content\/uploads\/2019\/10\/udvar02-768x448.jpg 768w, https:\/\/old.harmoniapalota.hu\/wp-content\/uploads\/2019\/10\/udvar02-830x484.jpg 830w, https:\/\/old.harmoniapalota.hu\/wp-content\/uploads\/2019\/10\/udvar02-230x134.jpg 230w, https:\/\/old.harmoniapalota.hu\/wp-content\/uploads\/2019\/10\/udvar02-350x204.jpg 350w, https:\/\/old.harmoniapalota.hu\/wp-content\/uploads\/2019\/10\/udvar02-480x280.jpg 480w\" sizes=\"auto, (max-width: 1200px) 100vw, 1200px\" alt=\"\" \t\tclass=\"so-widget-image\"\/>\n<\/div>\n\n<\/div><\/div><\/div><\/div><\/div><\/div><div id=\"pg-32-5\"  class=\"panel-grid panel-has-style\" ><div class=\"siteorigin-panels-stretch panel-row-style panel-row-style-for-32-5\" style=\"padding: 100px 0; \" id=\"aboutus-celunk\" data-stretch-type=\"full-stretched\" data-overlay=\"true\" data-overlay-color=\"#000000\" ><div id=\"pgc-32-5-0\"  class=\"panel-grid-cell\" ><div id=\"panel-32-5-0-0\" class=\"so-panel widget widget_sow-image panel-first-child panel-last-child\" data-index=\"9\" ><div class=\"aos-init panel-widget-style panel-widget-style-for-32-5-0-0\" style=\"text-align: left;\" data-aos=\"fade-right\" data-aos-duration=\"900\" data-aos-easing=\"ease-out-cubic\" data-aos-delay=\"\" data-aos-anchor-placement=\"top-bottom\" data-aos-once=\"false\" data-title-color=\"#443f3f\" data-headings-color=\"#443f3f\" ><div class=\"so-widget-sow-image so-widget-sow-image-default-17bc2272b535\">\n\n<div class=\"sow-image-container\">\n\t<img loading=\"lazy\" decoding=\"async\" src=\"https:\/\/old.harmoniapalota.hu\/wp-content\/uploads\/2019\/12\/Designh\u00e9t-2018-6.jpg\" width=\"1200\" height=\"700\" srcset=\"https:\/\/old.harmoniapalota.hu\/wp-content\/uploads\/2019\/12\/Designh\u00e9t-2018-6.jpg 1200w, https:\/\/old.harmoniapalota.hu\/wp-content\/uploads\/2019\/12\/Designh\u00e9t-2018-6-300x175.jpg 300w, https:\/\/old.harmoniapalota.hu\/wp-content\/uploads\/2019\/12\/Designh\u00e9t-2018-6-768x448.jpg 768w, https:\/\/old.harmoniapalota.hu\/wp-content\/uploads\/2019\/12\/Designh\u00e9t-2018-6-1024x597.jpg 1024w, https:\/\/old.harmoniapalota.hu\/wp-content\/uploads\/2019\/12\/Designh\u00e9t-2018-6-830x484.jpg 830w, https:\/\/old.harmoniapalota.hu\/wp-content\/uploads\/2019\/12\/Designh\u00e9t-2018-6-230x134.jpg 230w, https:\/\/old.harmoniapalota.hu\/wp-content\/uploads\/2019\/12\/Designh\u00e9t-2018-6-350x204.jpg 350w, https:\/\/old.harmoniapalota.hu\/wp-content\/uploads\/2019\/12\/Designh\u00e9t-2018-6-480x280.jpg 480w\" sizes=\"auto, (max-width: 1200px) 100vw, 1200px\" alt=\"\" \t\tclass=\"so-widget-image\"\/>\n<\/div>\n\n<\/div><\/div><\/div><\/div><div id=\"pgc-32-5-1\"  class=\"panel-grid-cell\" ><div id=\"panel-32-5-1-0\" class=\"so-panel widget widget_sow-editor panel-first-child\" data-index=\"10\" ><div class=\"aos-init panel-widget-style panel-widget-style-for-32-5-1-0\" style=\"text-align: left;\" data-aos=\"fade-left\" data-aos-duration=\"900\" data-aos-easing=\"ease-out-cubic\" data-aos-delay=\"\" data-aos-anchor-placement=\"top-bottom\" data-aos-once=\"false\" data-title-color=\"#000000\" data-headings-color=\"#000000\" ><div class=\"so-widget-sow-editor so-widget-sow-editor-base\">\n<div class=\"siteorigin-widget-tinymce textwidget\">\n\t<h1 style=\"text-align: left;\">C\u00e9lunk<\/h1>\n<\/div>\n<\/div><\/div><\/div><div id=\"panel-32-5-1-1\" class=\"so-panel widget widget_sow-editor panel-last-child\" data-index=\"11\" ><div class=\"aos-init panel-widget-style panel-widget-style-for-32-5-1-1\" style=\"text-align: left;\" data-aos=\"fade\" data-aos-duration=\"900\" data-aos-easing=\"ease-out-cubic\" data-aos-delay=\"300\" data-aos-anchor-placement=\"top-bottom\" data-aos-once=\"false\" data-title-color=\"#000000\" data-headings-color=\"#000000\" ><div class=\"so-widget-sow-editor so-widget-sow-editor-base\">\n<div class=\"siteorigin-widget-tinymce textwidget\">\n\t<h4 style=\"text-align: left;\">HARM\u00d3NIA PALOTA<\/h4>\n<p style=\"text-align: left;\"><span class=\"OYPEnA text-decoration-none text-strikethrough-none\">Sz\u00edv\u00fcgy\u00fcnk, hogy a nagy m\u00falt\u00fa \u00e9p\u00fclet meg\u0151rizze t\u00f6rt\u00e9nelmi mivolt\u00e1t \u00e9s tov\u00e1bbra is magas szellemi min\u0151s\u00e9get k\u00e9pviseljen.<\/span><\/p>\n<p style=\"text-align: left;\">Folyamatosan fejlesztj\u00fck \u00e9s b\u0151v\u00edtj\u00fck szolg\u00e1ltat\u00e1sainkat a m\u0171eml\u00e9kv\u00e9delem \u00e9s a fenntarthat\u00f3s\u00e1g szellemis\u00e9g\u00e9ben, hogy a v\u00e1ros k\u00f6zep\u00e9n meghitt o\u00e1zisk\u00e9nt m\u0171k\u00f6dhess\u00fcnk \u00e9s nem mindennapi rendezv\u00e9nyhelysz\u00ednk\u00e9nt \u00e9s sz\u00e1ll\u00e1shelyk\u00e9nt szolg\u00e1lhassuk partnereink \u00e9s l\u00e1togat\u00f3ink sz\u00e1m\u00e1ra a k\u00f6rnyezeti t\u00e9nyez\u0151ket figyelembe v\u00e9ve.<\/p>\n<\/div>\n<\/div><\/div><\/div><\/div><\/div><\/div><\/div>","protected":false},"excerpt":{"rendered":"<p>R\u00f3lunk &nbsp; &nbsp; R\u00f3lunk &nbsp; &nbsp; Kezdet T\u00d6RT\u00c9NET\u00dcNK A M\u00fazeum utca 9. sz\u00e1m alatt tal\u00e1lhat\u00f3 \u00e9p\u00fcletet Ybl Mikl\u00f3s tervei alapj\u00e1n Pucher J\u00f3zsef \u00e9p\u00edtette 1870-ben B\u00f3kay J\u00e1nos orvosprofesszor sz\u00e1m\u00e1ra, aki a korszer\u0171 magyar gyermekorvosl\u00e1s megteremt\u0151je volt. A 19. sz\u00e1zadban \u00e9p\u00edtett, patin\u00e1s b\u00e9rpalota \u00e9vtizedekig a B\u00f3kay csal\u00e1d [&hellip;]<\/p>\n","protected":false},"author":3,"featured_media":0,"parent":0,"menu_order":0,"comment_status":"closed","ping_status":"closed","template":"page-templates\/page_fullwidth.php","meta":{"footnotes":""},"class_list":["post-32","page","type-page","status-publish","hentry"],"yoast_head":"<!-- This site is optimized with the Yoast SEO plugin v14.2 - https:\/\/yoast.com\/wordpress\/plugins\/seo\/ -->\n<title>R\u00f3lunk | Harm\u00f3nia Palota - Luxus Apartmanok \u00e9s Rendezv\u00e9nytermek<\/title>\n<meta name=\"description\" content=\"A Budapest belv\u00e1ros\u00e1ban tal\u00e1lhat\u00f3 Harm\u00f3nia Palot\u00e1ban 10 luxus apartman \u00e9s 10 j\u00f3l vari\u00e1lhat\u00f3 klasszikus rendezv\u00e9nyterem \u00e1ll vend\u00e9geink rendelkez\u00e9s\u00e9re.\" \/>\n<meta name=\"robots\" content=\"index, follow\" \/>\n<meta name=\"googlebot\" content=\"index, follow, max-snippet:-1, max-image-preview:large, max-video-preview:-1\" \/>\n<meta name=\"bingbot\" content=\"index, follow, max-snippet:-1, max-image-preview:large, max-video-preview:-1\" \/>\n<link rel=\"canonical\" href=\"https:\/\/old.harmoniapalota.hu\/rolunk\" \/>\n<meta property=\"og:locale\" content=\"hu_HU\" \/>\n<meta property=\"og:type\" content=\"article\" \/>\n<meta property=\"og:title\" content=\"R\u00f3lunk | Harm\u00f3nia Palota - Luxus Apartmanok \u00e9s Rendezv\u00e9nytermek\" \/>\n<meta property=\"og:description\" content=\"A Budapest belv\u00e1ros\u00e1ban tal\u00e1lhat\u00f3 Harm\u00f3nia Palot\u00e1ban 10 luxus apartman \u00e9s 10 j\u00f3l vari\u00e1lhat\u00f3 klasszikus rendezv\u00e9nyterem \u00e1ll vend\u00e9geink rendelkez\u00e9s\u00e9re.\" \/>\n<meta property=\"og:url\" content=\"https:\/\/old.harmoniapalota.hu\/rolunk\/\" \/>\n<meta property=\"og:site_name\" content=\"Harm\u00f3nia Palota\" \/>\n<meta property=\"article:modified_time\" content=\"2024-02-12T10:13:13+00:00\" \/>\n<meta name=\"twitter:card\" content=\"summary_large_image\" \/>\n<script type=\"application\/ld+json\" class=\"yoast-schema-graph\">{\"@context\":\"https:\/\/schema.org\",\"@graph\":[{\"@type\":\"WebSite\",\"@id\":\"https:\/\/old.harmoniapalota.hu\/#website\",\"url\":\"https:\/\/old.harmoniapalota.hu\/\",\"name\":\"Harm\\u00f3nia Palota\",\"description\":\"\",\"potentialAction\":[{\"@type\":\"SearchAction\",\"target\":\"https:\/\/old.harmoniapalota.hu\/?s={search_term_string}\",\"query-input\":\"required name=search_term_string\"}],\"inLanguage\":\"hu\"},{\"@type\":\"WebPage\",\"@id\":\"https:\/\/old.harmoniapalota.hu\/rolunk\/#webpage\",\"url\":\"https:\/\/old.harmoniapalota.hu\/rolunk\/\",\"name\":\"R\\u00f3lunk | Harm\\u00f3nia Palota - Luxus Apartmanok \\u00e9s Rendezv\\u00e9nytermek\",\"isPartOf\":{\"@id\":\"https:\/\/old.harmoniapalota.hu\/#website\"},\"datePublished\":\"2019-10-06T09:44:25+00:00\",\"dateModified\":\"2024-02-12T10:13:13+00:00\",\"description\":\"A Budapest belv\\u00e1ros\\u00e1ban tal\\u00e1lhat\\u00f3 Harm\\u00f3nia Palot\\u00e1ban 10 luxus apartman \\u00e9s 10 j\\u00f3l vari\\u00e1lhat\\u00f3 klasszikus rendezv\\u00e9nyterem \\u00e1ll vend\\u00e9geink rendelkez\\u00e9s\\u00e9re.\",\"inLanguage\":\"hu\",\"potentialAction\":[{\"@type\":\"ReadAction\",\"target\":[\"https:\/\/old.harmoniapalota.hu\/rolunk\/\"]}]}]}<\/script>\n<!-- \/ Yoast SEO plugin. -->","_links":{"self":[{"href":"https:\/\/old.harmoniapalota.hu\/index.php?rest_route=\/wp\/v2\/pages\/32","targetHints":{"allow":["GET"]}}],"collection":[{"href":"https:\/\/old.harmoniapalota.hu\/index.php?rest_route=\/wp\/v2\/pages"}],"about":[{"href":"https:\/\/old.harmoniapalota.hu\/index.php?rest_route=\/wp\/v2\/types\/page"}],"author":[{"embeddable":true,"href":"https:\/\/old.harmoniapalota.hu\/index.php?rest_route=\/wp\/v2\/users\/3"}],"replies":[{"embeddable":true,"href":"https:\/\/old.harmoniapalota.hu\/index.php?rest_route=%2Fwp%2Fv2%2Fcomments&post=32"}],"version-history":[{"count":164,"href":"https:\/\/old.harmoniapalota.hu\/index.php?rest_route=\/wp\/v2\/pages\/32\/revisions"}],"predecessor-version":[{"id":6208,"href":"https:\/\/old.harmoniapalota.hu\/index.php?rest_route=\/wp\/v2\/pages\/32\/revisions\/6208"}],"wp:attachment":[{"href":"https:\/\/old.harmoniapalota.hu\/index.php?rest_route=%2Fwp%2Fv2%2Fmedia&parent=32"}],"curies":[{"name":"wp","href":"https:\/\/api.w.org\/{rel}","templated":true}]}}