{"id":41,"date":"2019-10-06T09:45:27","date_gmt":"2019-10-06T09:45:27","guid":{"rendered":"https:\/\/old.harmoniapalota.hu\/?page_id=41"},"modified":"2020-05-16T15:55:57","modified_gmt":"2020-05-16T15:55:57","slug":"kapcsolat","status":"publish","type":"page","link":"https:\/\/old.harmoniapalota.hu\/?page_id=41","title":{"rendered":"Kapcsolat"},"content":{"rendered":"<div id=\"pl-41\"  class=\"panel-layout\" ><div id=\"pg-41-0\"  class=\"panel-grid panel-has-style\" ><div class=\"siteorigin-panels-stretch iw-large panel-row-style panel-row-style-for-41-0\" style=\"padding: 100px 0; \" data-stretch-type=\"full-stretched\" data-overlay=\"true\" data-overlay-color=\"#000000\" ><div id=\"pgc-41-0-0\"  class=\"panel-grid-cell\" ><div id=\"panel-41-0-0-0\" class=\"so-panel widget widget_sow-hero panel-first-child panel-last-child\" data-index=\"0\" ><div class=\"hero-section panel-widget-style panel-widget-style-for-41-0-0-0\" style=\"text-align: left;\" id=\"hero-section\" data-title-color=\"#ffffff\" data-headings-color=\"#ffffff\" ><div class=\"so-widget-sow-hero so-widget-sow-hero-default-2c2183c9b469 so-widget-fittext-wrapper\" data-fit-text-compressor=\"0.85\"><div class=\"sow-slider-base \" style=\"display: none\"><ul class=\"sow-slider-images\" data-settings=\"{&quot;pagination&quot;:true,&quot;speed&quot;:800,&quot;timeout&quot;:8000,&quot;swipe&quot;:true,&quot;nav_always_show_mobile&quot;:&quot;&quot;,&quot;breakpoint&quot;:&quot;780px&quot;}\">\t\t<li class=\"sow-slider-image  sow-slider-image-cover\" style=\"background-color: #333333;background-image: url(https:\/\/old.harmoniapalota.hu\/wp-content\/uploads\/2020\/01\/bg-contact-j.jpg)\" >\n\t\t\t\t\t<div class=\"sow-slider-image-container\">\n\t\t\t<div class=\"sow-slider-image-wrapper\">\n\t\t\t\t<h1>Kapcsolat<\/h1>\n\t\t\t<\/div>\n\t\t<\/div>\n\t\t\t\t<\/li>\n\t\t<\/ul>\t\t\t\t<ol class=\"sow-slider-pagination\">\n\t\t\t\t\t\t\t\t\t\t\t<li><a href=\"#\" data-goto=\"0\" aria-label=\"display slide 1\"><\/a><\/li>\n\t\t\t\t\t\t\t\t\t<\/ol>\n\n\t\t\t\t<div class=\"sow-slide-nav sow-slide-nav-next\">\n\t\t\t\t\t<a href=\"#\" data-goto=\"next\" aria-label=\"next slide\" data-action=\"next\">\n\t\t\t\t\t\t<em class=\"sow-sld-icon-thin-right\"><\/em>\n\t\t\t\t\t<\/a>\n\t\t\t\t<\/div>\n\n\t\t\t\t<div class=\"sow-slide-nav sow-slide-nav-prev\">\n\t\t\t\t\t<a href=\"#\" data-goto=\"previous\" aria-label=\"previous slide\" data-action=\"prev\">\n\t\t\t\t\t\t<em class=\"sow-sld-icon-thin-left\"><\/em>\n\t\t\t\t\t<\/a>\n\t\t\t\t<\/div>\n\t\t\t\t<\/div><\/div><\/div><\/div><\/div><\/div><\/div><div id=\"pg-41-1\"  class=\"panel-grid panel-has-style\" ><div class=\"siteorigin-panels-stretch iw-med-dw panel-row-style panel-row-style-for-41-1\" style=\"padding: 100px 0; \" data-stretch-type=\"full-stretched\" data-overlay=\"true\" data-overlay-color=\"#000000\" ><div id=\"pgc-41-1-0\"  class=\"panel-grid-cell\" ><div id=\"panel-41-1-0-0\" class=\"so-panel widget widget_sow-hero panel-first-child panel-last-child\" data-index=\"1\" ><div class=\"hero-section panel-widget-style panel-widget-style-for-41-1-0-0\" style=\"text-align: left;\" id=\"hero-section\" data-title-color=\"#ffffff\" data-headings-color=\"#ffffff\" ><div class=\"so-widget-sow-hero so-widget-sow-hero-default-89fce2fb96e2 so-widget-fittext-wrapper\" data-fit-text-compressor=\"0.85\"><div class=\"sow-slider-base \" style=\"display: none\"><ul class=\"sow-slider-images\" data-settings=\"{&quot;pagination&quot;:true,&quot;speed&quot;:800,&quot;timeout&quot;:8000,&quot;swipe&quot;:false,&quot;nav_always_show_mobile&quot;:&quot;&quot;,&quot;breakpoint&quot;:&quot;780px&quot;}\">\t\t<li class=\"sow-slider-image  sow-slider-image-cover\" style=\"background-color: #333333;background-image: url(https:\/\/old.harmoniapalota.hu\/wp-content\/uploads\/2020\/01\/bg-contact-j.jpg)\" >\n\t\t\t\t\t<div class=\"sow-slider-image-container\">\n\t\t\t<div class=\"sow-slider-image-wrapper\">\n\t\t\t\t<h1>Kapcsolat<\/h1>\n\t\t\t<\/div>\n\t\t<\/div>\n\t\t\t\t<\/li>\n\t\t<\/ul>\t\t\t\t<ol class=\"sow-slider-pagination\">\n\t\t\t\t\t\t\t\t\t\t\t<li><a href=\"#\" data-goto=\"0\" aria-label=\"display slide 1\"><\/a><\/li>\n\t\t\t\t\t\t\t\t\t<\/ol>\n\n\t\t\t\t<div class=\"sow-slide-nav sow-slide-nav-next\">\n\t\t\t\t\t<a href=\"#\" data-goto=\"next\" aria-label=\"next slide\" data-action=\"next\">\n\t\t\t\t\t\t<em class=\"sow-sld-icon-thin-right\"><\/em>\n\t\t\t\t\t<\/a>\n\t\t\t\t<\/div>\n\n\t\t\t\t<div class=\"sow-slide-nav sow-slide-nav-prev\">\n\t\t\t\t\t<a href=\"#\" data-goto=\"previous\" aria-label=\"previous slide\" data-action=\"prev\">\n\t\t\t\t\t\t<em class=\"sow-sld-icon-thin-left\"><\/em>\n\t\t\t\t\t<\/a>\n\t\t\t\t<\/div>\n\t\t\t\t<\/div><\/div><\/div><\/div><\/div><\/div><\/div><div id=\"pg-41-2\"  class=\"panel-grid panel-has-style\" ><div class=\"siteorigin-panels-stretch panel-row-style panel-row-style-for-41-2\" style=\"padding: 100px 0; \" id=\"contact-section\" data-stretch-type=\"full-stretched\" data-overlay=\"true\" data-overlay-color=\"#000000\" ><div id=\"pgc-41-2-0\"  class=\"panel-grid-cell\" ><div id=\"panel-41-2-0-0\" class=\"so-panel widget widget_sow-image panel-first-child panel-last-child\" data-index=\"2\" ><div class=\"aos-init panel-widget-style panel-widget-style-for-41-2-0-0\" style=\"text-align: left;\" data-aos=\"fade-right\" data-aos-duration=\"900\" data-aos-easing=\"ease-out-cubic\" data-aos-delay=\"\" data-aos-anchor-placement=\"top-bottom\" data-aos-once=\"false\" data-title-color=\"#443f3f\" data-headings-color=\"#443f3f\" ><div class=\"so-widget-sow-image so-widget-sow-image-default-7877d6771435\">\n\n<div class=\"sow-image-container\">\n\t<img loading=\"lazy\" decoding=\"async\" src=\"https:\/\/old.harmoniapalota.hu\/wp-content\/uploads\/2019\/10\/udvar02.jpg\" width=\"1200\" height=\"700\" srcset=\"https:\/\/old.harmoniapalota.hu\/wp-content\/uploads\/2019\/10\/udvar02.jpg 1200w, https:\/\/old.harmoniapalota.hu\/wp-content\/uploads\/2019\/10\/udvar02-300x175.jpg 300w, https:\/\/old.harmoniapalota.hu\/wp-content\/uploads\/2019\/10\/udvar02-1024x597.jpg 1024w, https:\/\/old.harmoniapalota.hu\/wp-content\/uploads\/2019\/10\/udvar02-768x448.jpg 768w, https:\/\/old.harmoniapalota.hu\/wp-content\/uploads\/2019\/10\/udvar02-830x484.jpg 830w, https:\/\/old.harmoniapalota.hu\/wp-content\/uploads\/2019\/10\/udvar02-230x134.jpg 230w, https:\/\/old.harmoniapalota.hu\/wp-content\/uploads\/2019\/10\/udvar02-350x204.jpg 350w, https:\/\/old.harmoniapalota.hu\/wp-content\/uploads\/2019\/10\/udvar02-480x280.jpg 480w\" sizes=\"auto, (max-width: 1200px) 100vw, 1200px\" alt=\"\" \t\tclass=\"so-widget-image\"\/>\n<\/div>\n\n<\/div><\/div><\/div><\/div><div id=\"pgc-41-2-1\"  class=\"panel-grid-cell\" ><div id=\"panel-41-2-1-0\" class=\"so-panel widget widget_sow-editor panel-first-child\" data-index=\"3\" ><div class=\"aos-init panel-widget-style panel-widget-style-for-41-2-1-0\" style=\"text-align: left;\" data-aos=\"fade-left\" data-aos-duration=\"900\" data-aos-easing=\"ease-in-out\" data-aos-delay=\"\" data-aos-anchor-placement=\"top-bottom\" data-aos-once=\"false\" data-title-color=\"#443f3f\" data-headings-color=\"#443f3f\" ><div class=\"so-widget-sow-editor so-widget-sow-editor-base\">\n<div class=\"siteorigin-widget-tinymce textwidget\">\n\t<h1>\u00cdrjon nek\u00fcnk<\/h1>\n<\/div>\n<\/div><\/div><\/div><div id=\"panel-41-2-1-1\" class=\"so-panel widget widget_sow-editor panel-last-child\" data-index=\"4\" ><div class=\"aos-init panel-widget-style panel-widget-style-for-41-2-1-1\" style=\"text-align: left;\" data-aos=\"fade\" data-aos-duration=\"900\" data-aos-easing=\"ease-out-cubic\" data-aos-delay=\"300\" data-aos-anchor-placement=\"top-bottom\" data-aos-once=\"false\" data-title-color=\"#443f3f\" data-headings-color=\"#443f3f\" ><div class=\"so-widget-sow-editor so-widget-sow-editor-base\">\n<div class=\"siteorigin-widget-tinymce textwidget\">\n\t<div role=\"form\" class=\"wpcf7\" id=\"wpcf7-f770-o1\" lang=\"hu-HU\" dir=\"ltr\">\n<div class=\"screen-reader-response\" aria-live=\"polite\"><\/div>\n<form action=\"\/index.php?rest_route=%2Fwp%2Fv2%2Fpages%2F41#wpcf7-f770-o1\" method=\"post\" class=\"wpcf7-form\" novalidate=\"novalidate\">\n<div style=\"display: none;\">\n<input type=\"hidden\" name=\"_wpcf7\" value=\"770\" \/>\n<input type=\"hidden\" name=\"_wpcf7_version\" value=\"5.1.9\" \/>\n<input type=\"hidden\" name=\"_wpcf7_locale\" value=\"hu_HU\" \/>\n<input type=\"hidden\" name=\"_wpcf7_unit_tag\" value=\"wpcf7-f770-o1\" \/>\n<input type=\"hidden\" name=\"_wpcf7_container_post\" value=\"0\" \/>\n<\/div>\n<p><label> N\u00e9v*<br \/>\n    <span class=\"wpcf7-form-control-wrap your-name\"><input type=\"text\" name=\"your-name\" value=\"\" size=\"40\" class=\"wpcf7-form-control wpcf7-text wpcf7-validates-as-required\" aria-required=\"true\" aria-invalid=\"false\" \/><\/span> <\/label><\/p>\n<p><label> Email*<br \/>\n    <span class=\"wpcf7-form-control-wrap your-email\"><input type=\"email\" name=\"your-email\" value=\"\" size=\"40\" class=\"wpcf7-form-control wpcf7-text wpcf7-email wpcf7-validates-as-required wpcf7-validates-as-email\" aria-required=\"true\" aria-invalid=\"false\" \/><\/span> <\/label><\/p>\n<p><label> \u00dczenet*<br \/>\n    <span class=\"wpcf7-form-control-wrap your-message\"><textarea name=\"your-message\" cols=\"40\" rows=\"10\" class=\"wpcf7-form-control wpcf7-textarea\" aria-invalid=\"false\"><\/textarea><\/span> <\/label><\/p>\n<p><input type=\"submit\" value=\"K\u00dcLD\u00c9S\" class=\"wpcf7-form-control wpcf7-submit\" \/><\/p>\n<div class=\"wpcf7-response-output wpcf7-display-none\" aria-hidden=\"true\"><\/div><\/form><\/div>\n<\/div>\n<\/div><\/div><\/div><\/div><\/div><\/div><\/div>","protected":false},"excerpt":{"rendered":"<p>Kapcsolat Kapcsolat \u00cdrjon nek\u00fcnk N\u00e9v* Email* \u00dczenet*<\/p>\n","protected":false},"author":3,"featured_media":0,"parent":0,"menu_order":0,"comment_status":"closed","ping_status":"closed","template":"page-templates\/page_fullwidth.php","meta":{"footnotes":""},"class_list":["post-41","page","type-page","status-publish","hentry"],"yoast_head":"<!-- This site is optimized with the Yoast SEO plugin v14.2 - https:\/\/yoast.com\/wordpress\/plugins\/seo\/ -->\n<title>Kapcsolat | Harm\u00f3nia Palota - Luxus Apartmanok \u00e9s Rendezv\u00e9nytermek<\/title>\n<meta name=\"description\" content=\"L\u00e9pjen vel\u00fcnk kapcsolatba, koll\u00e9g\u00e1ink k\u00e9szs\u00e9ggel \u00e1llnak rendelkez\u00e9sre.\" \/>\n<meta name=\"robots\" content=\"index, follow\" \/>\n<meta name=\"googlebot\" content=\"index, follow, max-snippet:-1, max-image-preview:large, max-video-preview:-1\" \/>\n<meta name=\"bingbot\" content=\"index, follow, max-snippet:-1, max-image-preview:large, max-video-preview:-1\" \/>\n<link rel=\"canonical\" href=\"https:\/\/old.harmoniapalota.hu\/kapcsolat\" \/>\n<meta property=\"og:locale\" content=\"hu_HU\" \/>\n<meta property=\"og:type\" content=\"article\" \/>\n<meta property=\"og:title\" content=\"Kapcsolat | Harm\u00f3nia Palota - Luxus Apartmanok \u00e9s Rendezv\u00e9nytermek\" \/>\n<meta property=\"og:description\" content=\"L\u00e9pjen vel\u00fcnk kapcsolatba, koll\u00e9g\u00e1ink k\u00e9szs\u00e9ggel \u00e1llnak rendelkez\u00e9sre.\" \/>\n<meta property=\"og:url\" content=\"https:\/\/old.harmoniapalota.hu\/kapcsolat\/\" \/>\n<meta property=\"og:site_name\" content=\"Harm\u00f3nia Palota\" \/>\n<meta property=\"article:modified_time\" content=\"2020-05-16T15:55:57+00:00\" \/>\n<meta name=\"twitter:card\" content=\"summary_large_image\" \/>\n<script type=\"application\/ld+json\" class=\"yoast-schema-graph\">{\"@context\":\"https:\/\/schema.org\",\"@graph\":[{\"@type\":\"WebSite\",\"@id\":\"https:\/\/old.harmoniapalota.hu\/#website\",\"url\":\"https:\/\/old.harmoniapalota.hu\/\",\"name\":\"Harm\\u00f3nia Palota\",\"description\":\"\",\"potentialAction\":[{\"@type\":\"SearchAction\",\"target\":\"https:\/\/old.harmoniapalota.hu\/?s={search_term_string}\",\"query-input\":\"required name=search_term_string\"}],\"inLanguage\":\"hu\"},{\"@type\":\"WebPage\",\"@id\":\"https:\/\/old.harmoniapalota.hu\/kapcsolat\/#webpage\",\"url\":\"https:\/\/old.harmoniapalota.hu\/kapcsolat\/\",\"name\":\"Kapcsolat | Harm\\u00f3nia Palota - Luxus Apartmanok \\u00e9s Rendezv\\u00e9nytermek\",\"isPartOf\":{\"@id\":\"https:\/\/old.harmoniapalota.hu\/#website\"},\"datePublished\":\"2019-10-06T09:45:27+00:00\",\"dateModified\":\"2020-05-16T15:55:57+00:00\",\"description\":\"L\\u00e9pjen vel\\u00fcnk kapcsolatba, koll\\u00e9g\\u00e1ink k\\u00e9szs\\u00e9ggel \\u00e1llnak rendelkez\\u00e9sre.\",\"inLanguage\":\"hu\",\"potentialAction\":[{\"@type\":\"ReadAction\",\"target\":[\"https:\/\/old.harmoniapalota.hu\/kapcsolat\/\"]}]}]}<\/script>\n<!-- \/ Yoast SEO plugin. -->","_links":{"self":[{"href":"https:\/\/old.harmoniapalota.hu\/index.php?rest_route=\/wp\/v2\/pages\/41","targetHints":{"allow":["GET"]}}],"collection":[{"href":"https:\/\/old.harmoniapalota.hu\/index.php?rest_route=\/wp\/v2\/pages"}],"about":[{"href":"https:\/\/old.harmoniapalota.hu\/index.php?rest_route=\/wp\/v2\/types\/page"}],"author":[{"embeddable":true,"href":"https:\/\/old.harmoniapalota.hu\/index.php?rest_route=\/wp\/v2\/users\/3"}],"replies":[{"embeddable":true,"href":"https:\/\/old.harmoniapalota.hu\/index.php?rest_route=%2Fwp%2Fv2%2Fcomments&post=41"}],"version-history":[{"count":59,"href":"https:\/\/old.harmoniapalota.hu\/index.php?rest_route=\/wp\/v2\/pages\/41\/revisions"}],"predecessor-version":[{"id":4375,"href":"https:\/\/old.harmoniapalota.hu\/index.php?rest_route=\/wp\/v2\/pages\/41\/revisions\/4375"}],"wp:attachment":[{"href":"https:\/\/old.harmoniapalota.hu\/index.php?rest_route=%2Fwp%2Fv2%2Fmedia&parent=41"}],"curies":[{"name":"wp","href":"https:\/\/api.w.org\/{rel}","templated":true}]}}